{"id":1213,"date":"2023-03-16T11:23:15","date_gmt":"2023-03-16T11:23:15","guid":{"rendered":"https:\/\/allycomms.es\/?page_id=1213"},"modified":"2023-04-26T14:22:30","modified_gmt":"2023-04-26T14:22:30","slug":"privacy-policy","status":"publish","type":"page","link":"https:\/\/allycomms.es\/en\/privacy-policy\/","title":{"rendered":"Privacy Policy"},"content":{"rendered":"\n<h3 class=\"wp-block-heading\"><strong>Responsable<\/strong><\/h3>\n\n\n\n<p>Identidad y datos de contacto<br>&#8211; Denominaci\u00f3n social: A-LIST COMUNICACI\u00d3N DE BELLEZA Y MODA S.L.<br>&#8211; Direcci\u00f3n: C\/ Montesa, 41. Pasaje. 28006. Madrid.<br>&#8211; Correo electr\u00f3nico&nbsp;<a href=\"mailto:info@a-list.es\">info@a-list.es<\/a><\/p>\n\n\n\n<p>En cumplimiento de lo dispuesto en el art\u00edculo 11 de la Ley Org\u00e1nica 3\/2018, de 5 de diciembre, de Protecci\u00f3n de Datos Personales y garant\u00eda de los derechos digitales (en adelante, LOPDGDD),&nbsp;<strong>A-LIST COMUNICACI\u00d3N DE BELLEZ AY MODA S.L.&nbsp;<\/strong>le informa que los datos de car\u00e1cter personal que nos proporcione durante su navegaci\u00f3n y\/o mediante la cumplimentaci\u00f3n de los formularios del WEBSITE ser\u00e1n objeto de tratamiento por parte de&nbsp;<strong>A-LIST COMUNICACI\u00d3N DE BELLEZ AY MODA S.L.&nbsp;<\/strong>el cual tiene por&nbsp;<strong>FINALIDAD&nbsp;<\/strong>gestionar los servicios ofrecidos&nbsp;<strong>VELVET VIGO-BCN, S.L.&nbsp;<\/strong>realizar tareas administrativas relacionadas con dichos servicios, enviar informaci\u00f3n general, comunicaciones comerciales -en el caso de subscribirle a una newsletter- y ofrecerle un servicio \u00f3ptimo y de calidad por medio del WEBSITE y\/o la indicada en la cl\u00e1usula de protecci\u00f3n de datos que se encuentra junto al formulario que usted acaba de cumplimentar.<\/p>\n\n\n\n<h3 class=\"wp-block-heading\"><strong>\u00bfC\u00f3mo utilizamos sus datos?<\/strong><\/h3>\n\n\n\n<p>Usamos la informaci\u00f3n de la que disponemos, seg\u00fan sus decisiones, para proporcionarle un servicio de calidad, as\u00ed como para asegurar el funcionamiento del mismo. La informaci\u00f3n proporcionada tambi\u00e9n le servir\u00e1 para acceder y utilizar nuestro WEBSITE y proporcionarle informaci\u00f3n sobre los productos y servicios que desee.<br>Adem\u00e1s utilizamos la informaci\u00f3n de la que disponemos para combatir conductas perjudiciales, sospechosas o infracciones de nuestras condiciones y pol\u00edticas, detectar y prevenir spam y conservar la integridad de nuestros productos, servicios y datos recopilados, tomando las MEDIDAS DE SEGURIDAD pertinentes conforme a los datos recopilados y a las finalidades del tratamiento para garantizar la confidencialidad y seguridad de sus datos de car\u00e1cter personal cuando estos son objeto de tratamiento en la medida que nuestra entidad tiene implantadas las pol\u00edticas de tratamiento y medidas de seguridad a las que se refiere la normativa europea vigente de protecci\u00f3n de datos. Las pol\u00edticas de tratamiento y medidas de seguridad implantadas en&nbsp;<strong>A-LIST COMUNICACI\u00d3N DE BELLEZ AY MODA S.L.<\/strong>evitan la alteraci\u00f3n, p\u00e9rdida, tratamiento o uso no autorizado de sus datos de car\u00e1cter personal. Tambi\u00e9n utilizamos la informaci\u00f3n que nos proporciona para responderle cuando se pone en contacto con nosotros o para comunicarnos con usted en los casos en que est\u00e1 legalmente permitido.<\/p>\n\n\n\n<h3 class=\"wp-block-heading\"><strong>\u00bfQu\u00e9 informaci\u00f3n recogemos?<\/strong><\/h3>\n\n\n\n<p>El tipo de informaci\u00f3n recogida por <strong>A-LIST COMUNICACI\u00d3N DE BELLEZ AY MODA S.L. <\/strong>depende del uso que usted haga del WEBSITE, la informaci\u00f3n sobre la informaci\u00f3n que recopilamos y c\u00f3mo eliminarla la encontrar\u00e1 en el apartado relativo al ejercicio de derechos de esta Pol\u00edtica de Privacidad.<br>Recopilamos la informaci\u00f3n que nos proporciona cuando navega por nuestro WEBSITE, espec\u00edficamente los datos de identificaci\u00f3n y registro incluidos en formularios o datos y mensajes que nos comunique mediante los mismos. Estos datos pueden incluir: su nombre y apellidos y correo electr\u00f3nico adem\u00e1s de otros datos necesarios para procesar su solicitud o comunicaci\u00f3n.<br>Podemos recibir informaci\u00f3n identificativa cuando nos env\u00ede un correo electr\u00f3nico o cuando contacte con nosotros.<br>Podemos recibir, actualmente o en un futuro, informaci\u00f3n identificativa cuando acceda o inicie sesi\u00f3n en otra p\u00e1gina, como por ejemplo una red social, desde nuestro WEBSITE. Esto puede incluir texto y\/o im\u00e1genes de su Informaci\u00f3n Personal Identificable disponible en esas terceras p\u00e1ginas.<\/p>\n\n\n\n<p>La RESPUESTA a los formularios planteados para recibir informaci\u00f3n de los servicios ofrecidos por&nbsp;<strong>A-LIST COMUNICACI\u00d3N DE BELLEZ AY MODA S.L.<\/strong>, as\u00ed como de cualquier otro cuestionario que pueda facilitarse en un futuro, es totalmente potestativa. No obstante, la negativa del cliente o usuario a facilitar determinados datos podr\u00e1 imposibilitar la prestaci\u00f3n de los servicios ofrecidos por&nbsp;<strong>A-LIST COMUNICACI\u00d3N DE BELLEZ AY MODA S.L.<\/strong>.<\/p>\n\n\n\n<p>Le informamos que tambi\u00e9n utilizamos (o podemos utilizar) cookies mientras visita nuestro WEBSITE. Para m\u00e1s informaci\u00f3n sobre nuestro uso de cookies, por favor, dir\u00edjase a nuestra Pol\u00edtica de Cookies.<\/p>\n\n\n\n<h3 class=\"wp-block-heading\"><strong>\u00bfDe d\u00f3nde procede la informaci\u00f3n recogida?<\/strong><\/h3>\n\n\n\n<p>La informaci\u00f3n que recogemos mediante el WEBSITE proviene exclusivamente de usted. No recibimos datos de terceros ni de fuentes de acceso p\u00fablico.<\/p>\n\n\n\n<h3 class=\"wp-block-heading\"><strong>\u00bfQu\u00e9 base legal nos legitima para tratar los datos recogidos?<\/strong><\/h3>\n\n\n\n<p>La base legal para el tratamiento de sus datos es la siguiente:<br>&#8211; El consentimiento prestado mediante la aceptaci\u00f3n expresa de la presente Pol\u00edtica de privacidad, el cual puede revocar en cualquier momento. Para m\u00e1s informaci\u00f3n sobre la posibilidad de revocar su consentimiento dir\u00edjase al apartado relativo al ejercicio de derechos de esta Pol\u00edtica.<br>&#8211; La ejecuci\u00f3n del contrato en el que usted es parte o para la aplicaci\u00f3n de medidas precontractuales.<br>&#8211; El cumplimiento de obligaciones legales de&nbsp;<strong>A-LIST COMUNICACI\u00d3N DE BELLEZ AY MODA S.L.<\/strong><\/p>\n\n\n\n<p>&#8211; El inter\u00e9s leg\u00edtimo de&nbsp;<strong>A-LIST COMUNICACI\u00d3N DE BELLEZ AY MODA S.L.<\/strong><\/p>\n\n\n\n<p><strong>\u00bfConservamos sus datos?<\/strong><br>Los datos personales proporcionados se conservar\u00e1n durante el tiempo necesario para el cumplimiento de las finalidades previstas del tratamiento. El tiempo por el que conservamos sus datos depender\u00e1 de las finalidades para las que son recogidos y el cumplimiento de obligaciones legales de&nbsp;<strong>A-LIST COMUNICACI\u00d3N DE BELLEZ AY MODA S.L.&nbsp;<\/strong>Los datos se conservar\u00e1n mientras no se solicite su supresi\u00f3n por el interesado. Para m\u00e1s informaci\u00f3n sobre como suprimir sus datos, dir\u00edjase al apartado referido al ejercicio de derechos de la presente Pol\u00edtica de Privacidad.<\/p>\n\n\n\n<p><strong>\u00bfC\u00f3mo actualizamos su informaci\u00f3n?<\/strong><br>Toda la informaci\u00f3n que facilite el usuario a trav\u00e9s del registro o cumplimentando los formularios del WEBSITE deber\u00e1 ser veraz. De igual forma, ser\u00e1 responsabilidad del usuario mantener toda la informaci\u00f3n facilitada a&nbsp;<strong>A-LIST COMUNICACI\u00d3N DE BELLEZ AY MODA S.L.<\/strong>permanentemente actualizada de forma que responda, en cada momento, a la situaci\u00f3n real del usuario. El usuario ser\u00e1 el \u00fanico responsable de las manifestaciones falsas o inexactas que realice y de los perjuicios que cause a&nbsp;<strong>A-LIST COMUNICACI\u00d3N DE BELLEZ AY MODA S.L.&nbsp;<\/strong>o a terceros por la informaci\u00f3n que facilite.<\/p>\n\n\n\n<p>Rogamos comunique de forma inmediata a&nbsp;<strong>A-LIST COMUNICACI\u00d3N DE BELLEZ AY MODA S.L.<\/strong>cualquier cambio o modificaci\u00f3n que se produzca en relaci\u00f3n a los datos que nos ha proporcionado, con el fin de que \u00e9stos respondan con veracidad a su situaci\u00f3n personal en todo momento.<\/p>\n\n\n\n<h3 class=\"wp-block-heading\"><strong>\u00bfC\u00f3mo puede ejercer sus derechos?<\/strong><\/h3>\n\n\n\n<p>De conformidad con la LOPDGDD, usted dispone de los siguientes derechos:<br>&#8211; Derecho a obtener confirmaci\u00f3n sobre si en&nbsp;<strong>A-LIST COMUNICACI\u00d3N DE BELLEZ AY MODA S.L.&nbsp;<\/strong>estamos tratando datos personales que le conciernen, o no.<br>&#8211; Derecho a solicitar el acceso a los datos personales de que disponemos relativos a su persona.<br>&#8211; Derecho a solicitar su rectificaci\u00f3n o supresi\u00f3n. Por ejemplo, podr\u00e1 pedir que su direcci\u00f3n de correo electr\u00f3nico se rectifique si la misma es err\u00f3nea o pedir la supresi\u00f3n de los datos de que&nbsp;<strong>A-LIST COMUNICACI\u00d3N DE BELLEZ AY MODA S.L. <\/strong>dispone cuando, entre otros motivos, ya no sean necesarios para los fines que fueron recogidos. En el momento de la supresi\u00f3n de los datos, solo los conservaremos bloqueados para el cumplimiento de obligaciones legales.<br>&#8211; Derecho a solicitar la limitaci\u00f3n de su tratamiento. Por ejemplo, tiene derecho a limitar el tratamiento de sus datos para fines de marketing, pudiendo comunicarse con nosotros para que se d\u00e9 de baja su suscripci\u00f3n al NEWSLETTER o comunicaciones comerciales. En este caso, solo conservaremos los datos para el ejercicio o la defensa de reclamaciones.<br>&#8211; Derecho a oponerse al tratamiento y retirar el consentimiento en cualquier momento. Por ejemplo, puede pedir a&nbsp;<strong>A-LIST COMUNICACI\u00d3N DE BELLEZ AY MODA S.L. <\/strong>que deje de tratar sus datos, sin que ello afecte a la licitud del tratamiento basado en el consentimiento previo a su retirada,&nbsp;<strong>A-LIST COMUNICACI\u00d3N DE BELLEZ AY MODA S.L. <\/strong>dejando de tratar los datos salvo por motivos leg\u00edtimos o el ejercicio o la defensa ante posibles reclamaciones.<br>&#8211; Derecho a la portabilidad de los datos en soporte automatizado a otro responsable en los supuestos de tratamientos que permite la LOPDGDD.<\/p>\n\n\n\n<p>Puede ejercer estos derechos enviando un email a&nbsp;<a href=\"mailto:info@a-list.es\">info@a-list.es<\/a>&nbsp;indicando en el asunto \u201cEjercicio de derechos LOPDGDD\u201d y el siguiente contenido:<br>&#8211; Su nombre y apellidos o nombre de usuario<br>&#8211; DNI\/NIE<br>&#8211; Correo electr\u00f3nico<br>&#8211; Derecho que se quiere ejercer<br>&#8211; Informaci\u00f3n sobre la que quiere tener acceso, rectificar, suprimir, limitar el tratamiento o ejercer su derecho de portabilidad<\/p>\n\n\n\n<p>Asimismo, los interesados podr\u00e1n&nbsp;<em>presentar una reclamaci\u00f3n&nbsp;<\/em>ante la Autoridad de Control en materia de Protecci\u00f3n de Datos competente mediante el siguiente enlace:&nbsp;<strong><a href=\"https:\/\/sedeagpd.gob.es\/sede-electronicaweb\/vistas\/formNuevaReclamacion\/solicitudReclamacion.jsf;jsessionid=58939FC9F6DAB8144DD8E79FC94D0A40\">solicitud de reclamaci\u00f3n<\/a><\/strong>.<\/p>\n\n\n\n<h3 class=\"wp-block-heading\"><strong>\u00bfTransferimos o cedemos sus datos a terceros?<\/strong><\/h3>\n\n\n\n<p>Los datos no se comunicar\u00e1n ni transferir\u00e1n a terceros, salvo a los posibles Encargados de Tratamiento (tercera entidad que presta servicio a nuestra entidad).<br><strong>A-LIST COMUNICACI\u00d3N DE BELLEZ AY MODA S.L. <\/strong>puede compartir su informaci\u00f3n con varias autoridades gubernamentales en respuesta a comparecencias, \u00f3rdenes judiciales u otros procesos legales o para cualquier otro asunto requerido por la ley.<\/p>\n","protected":false},"excerpt":{"rendered":"<p>Responsable Identidad y datos de contacto&#8211; Denominaci\u00f3n social: A-LIST COMUNICACI\u00d3N DE BELLEZA Y MODA S.L.&#8211; Direcci\u00f3n: C\/ Montesa, 41. Pasaje. 28006. Madrid.&#8211; Correo electr\u00f3nico&nbsp;info@a-list.es En cumplimiento de lo dispuesto en el art\u00edculo 11 de la Ley Org\u00e1nica 3\/2018, de 5 de diciembre, de Protecci\u00f3n de Datos Personales y garant\u00eda de los derechos digitales (en adelante, [&hellip;]<\/p>\n","protected":false},"author":3,"featured_media":0,"parent":0,"menu_order":0,"comment_status":"closed","ping_status":"closed","template":"","meta":{"footnotes":""},"class_list":["post-1213","page","type-page","status-publish","hentry"],"yoast_head":"<!-- This site is optimized with the Yoast SEO plugin v23.2 - https:\/\/yoast.com\/wordpress\/plugins\/seo\/ -->\n<title>Privacy Policy - ALLY Comms<\/title>\n<meta name=\"robots\" content=\"index, follow, max-snippet:-1, max-image-preview:large, max-video-preview:-1\" \/>\n<link rel=\"canonical\" href=\"https:\/\/allycomms.es\/en\/privacy-policy\/\" \/>\n<meta property=\"og:locale\" content=\"en_US\" \/>\n<meta property=\"og:type\" content=\"article\" \/>\n<meta property=\"og:title\" content=\"Privacy Policy - ALLY Comms\" \/>\n<meta property=\"og:description\" content=\"Responsable Identidad y datos de contacto&#8211; Denominaci\u00f3n social: A-LIST COMUNICACI\u00d3N DE BELLEZA Y MODA S.L.&#8211; Direcci\u00f3n: C\/ Montesa, 41. Pasaje. 28006. Madrid.&#8211; Correo electr\u00f3nico&nbsp;info@a-list.es En cumplimiento de lo dispuesto en el art\u00edculo 11 de la Ley Org\u00e1nica 3\/2018, de 5 de diciembre, de Protecci\u00f3n de Datos Personales y garant\u00eda de los derechos digitales (en adelante, [&hellip;]\" \/>\n<meta property=\"og:url\" content=\"https:\/\/allycomms.es\/en\/privacy-policy\/\" \/>\n<meta property=\"og:site_name\" content=\"ALLY Comms\" \/>\n<meta property=\"article:modified_time\" content=\"2023-04-26T14:22:30+00:00\" \/>\n<meta name=\"twitter:card\" content=\"summary_large_image\" \/>\n<meta name=\"twitter:label1\" content=\"Est. reading time\" \/>\n\t<meta name=\"twitter:data1\" content=\"8 minutes\" \/>\n<script type=\"application\/ld+json\" class=\"yoast-schema-graph\">{\"@context\":\"https:\/\/schema.org\",\"@graph\":[{\"@type\":\"WebPage\",\"@id\":\"https:\/\/allycomms.es\/en\/privacy-policy\/\",\"url\":\"https:\/\/allycomms.es\/en\/privacy-policy\/\",\"name\":\"Privacy Policy - ALLY Comms\",\"isPartOf\":{\"@id\":\"https:\/\/allycomms.es\/en\/#website\"},\"datePublished\":\"2023-03-16T11:23:15+00:00\",\"dateModified\":\"2023-04-26T14:22:30+00:00\",\"breadcrumb\":{\"@id\":\"https:\/\/allycomms.es\/en\/privacy-policy\/#breadcrumb\"},\"inLanguage\":\"en-US\",\"potentialAction\":[{\"@type\":\"ReadAction\",\"target\":[\"https:\/\/allycomms.es\/en\/privacy-policy\/\"]}]},{\"@type\":\"BreadcrumbList\",\"@id\":\"https:\/\/allycomms.es\/en\/privacy-policy\/#breadcrumb\",\"itemListElement\":[{\"@type\":\"ListItem\",\"position\":1,\"name\":\"Portada\",\"item\":\"https:\/\/allycomms.es\/en\/home\/\"},{\"@type\":\"ListItem\",\"position\":2,\"name\":\"Privacy Policy\"}]},{\"@type\":\"WebSite\",\"@id\":\"https:\/\/allycomms.es\/en\/#website\",\"url\":\"https:\/\/allycomms.es\/en\/\",\"name\":\"ALLY Comms\",\"description\":\"Comunicaciones aliadas con las marcas, profesionales y medios de belleza y bienestar\",\"publisher\":{\"@id\":\"https:\/\/allycomms.es\/en\/#organization\"},\"potentialAction\":[{\"@type\":\"SearchAction\",\"target\":{\"@type\":\"EntryPoint\",\"urlTemplate\":\"https:\/\/allycomms.es\/en\/?s={search_term_string}\"},\"query-input\":\"required name=search_term_string\"}],\"inLanguage\":\"en-US\"},{\"@type\":\"Organization\",\"@id\":\"https:\/\/allycomms.es\/en\/#organization\",\"name\":\"ALLY Comms\",\"url\":\"https:\/\/allycomms.es\/en\/\",\"logo\":{\"@type\":\"ImageObject\",\"inLanguage\":\"en-US\",\"@id\":\"https:\/\/allycomms.es\/en\/#\/schema\/logo\/image\/\",\"url\":\"https:\/\/allycomms.es\/wp-content\/uploads\/2023\/02\/logo-ally-completo.svg\",\"contentUrl\":\"https:\/\/allycomms.es\/wp-content\/uploads\/2023\/02\/logo-ally-completo.svg\",\"width\":244,\"height\":90,\"caption\":\"ALLY Comms\"},\"image\":{\"@id\":\"https:\/\/allycomms.es\/en\/#\/schema\/logo\/image\/\"}}]}<\/script>\n<!-- \/ Yoast SEO plugin. -->","yoast_head_json":{"title":"Privacy Policy - ALLY Comms","robots":{"index":"index","follow":"follow","max-snippet":"max-snippet:-1","max-image-preview":"max-image-preview:large","max-video-preview":"max-video-preview:-1"},"canonical":"https:\/\/allycomms.es\/en\/privacy-policy\/","og_locale":"en_US","og_type":"article","og_title":"Privacy Policy - ALLY Comms","og_description":"Responsable Identidad y datos de contacto&#8211; Denominaci\u00f3n social: A-LIST COMUNICACI\u00d3N DE BELLEZA Y MODA S.L.&#8211; Direcci\u00f3n: C\/ Montesa, 41. Pasaje. 28006. Madrid.&#8211; Correo electr\u00f3nico&nbsp;info@a-list.es En cumplimiento de lo dispuesto en el art\u00edculo 11 de la Ley Org\u00e1nica 3\/2018, de 5 de diciembre, de Protecci\u00f3n de Datos Personales y garant\u00eda de los derechos digitales (en adelante, [&hellip;]","og_url":"https:\/\/allycomms.es\/en\/privacy-policy\/","og_site_name":"ALLY Comms","article_modified_time":"2023-04-26T14:22:30+00:00","twitter_card":"summary_large_image","twitter_misc":{"Est. reading time":"8 minutes"},"schema":{"@context":"https:\/\/schema.org","@graph":[{"@type":"WebPage","@id":"https:\/\/allycomms.es\/en\/privacy-policy\/","url":"https:\/\/allycomms.es\/en\/privacy-policy\/","name":"Privacy Policy - ALLY Comms","isPartOf":{"@id":"https:\/\/allycomms.es\/en\/#website"},"datePublished":"2023-03-16T11:23:15+00:00","dateModified":"2023-04-26T14:22:30+00:00","breadcrumb":{"@id":"https:\/\/allycomms.es\/en\/privacy-policy\/#breadcrumb"},"inLanguage":"en-US","potentialAction":[{"@type":"ReadAction","target":["https:\/\/allycomms.es\/en\/privacy-policy\/"]}]},{"@type":"BreadcrumbList","@id":"https:\/\/allycomms.es\/en\/privacy-policy\/#breadcrumb","itemListElement":[{"@type":"ListItem","position":1,"name":"Portada","item":"https:\/\/allycomms.es\/en\/home\/"},{"@type":"ListItem","position":2,"name":"Privacy Policy"}]},{"@type":"WebSite","@id":"https:\/\/allycomms.es\/en\/#website","url":"https:\/\/allycomms.es\/en\/","name":"ALLY Comms","description":"Comunicaciones aliadas con las marcas, profesionales y medios de belleza y bienestar","publisher":{"@id":"https:\/\/allycomms.es\/en\/#organization"},"potentialAction":[{"@type":"SearchAction","target":{"@type":"EntryPoint","urlTemplate":"https:\/\/allycomms.es\/en\/?s={search_term_string}"},"query-input":"required name=search_term_string"}],"inLanguage":"en-US"},{"@type":"Organization","@id":"https:\/\/allycomms.es\/en\/#organization","name":"ALLY Comms","url":"https:\/\/allycomms.es\/en\/","logo":{"@type":"ImageObject","inLanguage":"en-US","@id":"https:\/\/allycomms.es\/en\/#\/schema\/logo\/image\/","url":"https:\/\/allycomms.es\/wp-content\/uploads\/2023\/02\/logo-ally-completo.svg","contentUrl":"https:\/\/allycomms.es\/wp-content\/uploads\/2023\/02\/logo-ally-completo.svg","width":244,"height":90,"caption":"ALLY Comms"},"image":{"@id":"https:\/\/allycomms.es\/en\/#\/schema\/logo\/image\/"}}]}},"_links":{"self":[{"href":"https:\/\/allycomms.es\/en\/wp-json\/wp\/v2\/pages\/1213"}],"collection":[{"href":"https:\/\/allycomms.es\/en\/wp-json\/wp\/v2\/pages"}],"about":[{"href":"https:\/\/allycomms.es\/en\/wp-json\/wp\/v2\/types\/page"}],"author":[{"embeddable":true,"href":"https:\/\/allycomms.es\/en\/wp-json\/wp\/v2\/users\/3"}],"replies":[{"embeddable":true,"href":"https:\/\/allycomms.es\/en\/wp-json\/wp\/v2\/comments?post=1213"}],"version-history":[{"count":1,"href":"https:\/\/allycomms.es\/en\/wp-json\/wp\/v2\/pages\/1213\/revisions"}],"predecessor-version":[{"id":1214,"href":"https:\/\/allycomms.es\/en\/wp-json\/wp\/v2\/pages\/1213\/revisions\/1214"}],"wp:attachment":[{"href":"https:\/\/allycomms.es\/en\/wp-json\/wp\/v2\/media?parent=1213"}],"curies":[{"name":"wp","href":"https:\/\/api.w.org\/{rel}","templated":true}]}}