{"id":1211,"date":"2023-03-16T11:23:26","date_gmt":"2023-03-16T11:23:26","guid":{"rendered":"https:\/\/allycomms.es\/?page_id=1211"},"modified":"2023-04-26T14:20:34","modified_gmt":"2023-04-26T14:20:34","slug":"cookies-policy","status":"publish","type":"page","link":"https:\/\/allycomms.es\/en\/cookies-policy\/","title":{"rendered":"Cookies Policy"},"content":{"rendered":"\n<p>Esta p\u00e1gina web usa cookies para personalizar el contenido y los anuncios, ofrecer funciones de redes sociales y analizar el tr\u00e1fico. Adem\u00e1s, compartimos informaci\u00f3n sobre el uso que haga del sitio web con nuestros partners de redes sociales, publicidad y an\u00e1lisis web, quienes pueden combinarla con otra informaci\u00f3n que les haya proporcionado o que hayan recopilado a partir del uso que haya hecho de sus servicios.<\/p>\n\n\n\n<p>Las cookies son peque\u00f1os archivos de texto que las p\u00e1ginas web pueden utilizar para hacer m\u00e1s eficiente la experiencia del usuario.<\/p>\n\n\n\n<p>La ley afirma que podemos almacenar cookies en su dispositivo si son estrictamente necesarias para el funcionamiento de esta p\u00e1gina. Para todos los dem\u00e1s tipos de cookies necesitamos su permiso.<\/p>\n\n\n\n<p>Esta p\u00e1gina utiliza tipos diferentes de cookies. Algunas cookies son colocadas por servicios de terceros que aparecen en nuestras p\u00e1ginas.<\/p>\n\n\n\n<p>En cualquier momento puede cambiar o retirar su consentimiento desde la Declaraci\u00f3n de cookies en nuestro sitio web.<\/p>\n\n\n\n<p>Obtenga m\u00e1s informaci\u00f3n sobre qui\u00e9nes somos, c\u00f3mo puede contactarnos y c\u00f3mo procesamos los datos personales en nuestra Pol\u00edtica de privacidad.<\/p>\n\n\n\n<p>Al contactarnos respecto a su consentimiento, por favor, indique el ID y la fecha de su consentimiento.<\/p>\n\n\n\n<p>Declaraci\u00f3n de cookies actualizada por \u00faltima vez el 7\/2\/22 por&nbsp;<a href=\"https:\/\/www.cookiebot.com\/\">Cookiebot<\/a>:<\/p>\n\n\n\n<p><strong>Necesario (4)<\/strong><\/p>\n\n\n\n<p>Las cookies necesarias ayudan a hacer una p\u00e1gina web utilizable activando funciones b\u00e1sicas como la navegaci\u00f3n en la p\u00e1gina y el acceso a \u00e1reas seguras de la p\u00e1gina web. La p\u00e1gina web no puede funcionar adecuadamente sin estas cookies.<\/p>\n\n\n\n<figure class=\"wp-block-table\"><table><thead><tr><td><strong>Nombre<\/strong><\/td><td><strong>Proveedor<\/strong><\/td><td><strong>Prop\u00f3sito<\/strong><\/td><td><strong>Caducidad<\/strong><\/td><td><strong>Tipo<\/strong><\/td><\/tr><\/thead><tbody><tr><td>__cf_bm<\/td><td><a href=\"https:\/\/www.monotype.com\/legal\/privacy-policy\/\">Monotype<\/a><\/td><td>Esta cookie se utiliza para distinguir entre humanos y bots. Esto es beneficioso para la web con el objeto de elaborar informes v\u00e1lidos sobre el uso de su web.<\/td><td>1 d\u00eda<\/td><td>HTTP Cookie<\/td><\/tr><tr><td>CookieConsent<\/td><td><a href=\"https:\/\/www.cookiebot.com\/goto\/privacy-policy\/\">Cookiebot<\/a><\/td><td>Almacena el estado de consentimiento de cookies del usuario para el dominio actual<\/td><td>1 a\u00f1o<\/td><td>HTTP Cookie<\/td><\/tr><tr><td>laravel_session<\/td><td>a-list.es<\/td><td>Esta cookie es utilizada internamente por los propietarios del sitio web, al cargar o renovar el contenido del sitio web.<\/td><td>1 d\u00eda<\/td><td>HTTP Cookie<\/td><\/tr><tr><td>XSRF-TOKEN<\/td><td>a-list.es<\/td><td>Asegura la navegaci\u00f3n segura del visitante previniendo la falsificaci\u00f3n de petici\u00f3n en sitios cruzados (CSRF). Esta cookie es esencial para la seguridad de la web y del visitante.<\/td><td>1 d\u00eda<\/td><td>HTTP Cookie<\/td><\/tr><\/tbody><\/table><\/figure>\n\n\n\n<p><strong>Estad\u00edstica (2)<\/strong><\/p>\n\n\n\n<p>Las cookies estad\u00edsticas ayudan a los propietarios de p\u00e1ginas web a comprender c\u00f3mo interact\u00faan los visitantes con las p\u00e1ginas web reuniendo y proporcionando informaci\u00f3n de forma an\u00f3nima.<\/p>\n\n\n\n<figure class=\"wp-block-table\"><table><thead><tr><td><strong>Nombre<\/strong><\/td><td><strong>Proveedor<\/strong><\/td><td><strong>Prop\u00f3sito<\/strong><\/td><td><strong>Caducidad<\/strong><\/td><td><strong>Tipo<\/strong><\/td><\/tr><\/thead><tbody><tr><td>_ga<\/td><td><a href=\"https:\/\/policies.google.com\/privacy\">Google<\/a><\/td><td>Registra una identificaci\u00f3n \u00fanica que se utiliza para generar datos estad\u00edsticos acerca de c\u00f3mo utiliza el visitante el sitio web.<\/td><td>2 a\u00f1os<\/td><td>HTTP Cookie<\/td><\/tr><tr><td>_ga_#<\/td><td><a href=\"https:\/\/policies.google.com\/privacy\">Google<\/a><\/td><td>Recopila datos sobre el n\u00famero de veces que un usuario ha visitado el sitio web adem\u00e1s de las fechas de la primera visita y de la m\u00e1s reciente. Utilizada por Google Analytics.<\/td><td>2 a\u00f1os<\/td><td>HTTP Cookie<\/td><\/tr><\/tbody><\/table><\/figure>\n","protected":false},"excerpt":{"rendered":"<p>Esta p\u00e1gina web usa cookies para personalizar el contenido y los anuncios, ofrecer funciones de redes sociales y analizar el tr\u00e1fico. Adem\u00e1s, compartimos informaci\u00f3n sobre el uso que haga del sitio web con nuestros partners de redes sociales, publicidad y an\u00e1lisis web, quienes pueden combinarla con otra informaci\u00f3n que les haya proporcionado o que hayan [&hellip;]<\/p>\n","protected":false},"author":3,"featured_media":0,"parent":0,"menu_order":0,"comment_status":"closed","ping_status":"closed","template":"","meta":{"footnotes":""},"class_list":["post-1211","page","type-page","status-publish","hentry"],"yoast_head":"<!-- This site is optimized with the Yoast SEO plugin v23.2 - https:\/\/yoast.com\/wordpress\/plugins\/seo\/ -->\n<title>Cookies Policy - ALLY Comms<\/title>\n<meta name=\"robots\" content=\"index, follow, max-snippet:-1, max-image-preview:large, max-video-preview:-1\" \/>\n<link rel=\"canonical\" href=\"https:\/\/allycomms.es\/en\/cookies-policy\/\" \/>\n<meta property=\"og:locale\" content=\"en_US\" \/>\n<meta property=\"og:type\" content=\"article\" \/>\n<meta property=\"og:title\" content=\"Cookies Policy - ALLY Comms\" \/>\n<meta property=\"og:description\" content=\"Esta p\u00e1gina web usa cookies para personalizar el contenido y los anuncios, ofrecer funciones de redes sociales y analizar el tr\u00e1fico. Adem\u00e1s, compartimos informaci\u00f3n sobre el uso que haga del sitio web con nuestros partners de redes sociales, publicidad y an\u00e1lisis web, quienes pueden combinarla con otra informaci\u00f3n que les haya proporcionado o que hayan [&hellip;]\" \/>\n<meta property=\"og:url\" content=\"https:\/\/allycomms.es\/en\/cookies-policy\/\" \/>\n<meta property=\"og:site_name\" content=\"ALLY Comms\" \/>\n<meta property=\"article:modified_time\" content=\"2023-04-26T14:20:34+00:00\" \/>\n<meta name=\"twitter:card\" content=\"summary_large_image\" \/>\n<meta name=\"twitter:label1\" content=\"Est. reading time\" \/>\n\t<meta name=\"twitter:data1\" content=\"2 minutes\" \/>\n<script type=\"application\/ld+json\" class=\"yoast-schema-graph\">{\"@context\":\"https:\/\/schema.org\",\"@graph\":[{\"@type\":\"WebPage\",\"@id\":\"https:\/\/allycomms.es\/en\/cookies-policy\/\",\"url\":\"https:\/\/allycomms.es\/en\/cookies-policy\/\",\"name\":\"Cookies Policy - ALLY Comms\",\"isPartOf\":{\"@id\":\"https:\/\/allycomms.es\/en\/#website\"},\"datePublished\":\"2023-03-16T11:23:26+00:00\",\"dateModified\":\"2023-04-26T14:20:34+00:00\",\"breadcrumb\":{\"@id\":\"https:\/\/allycomms.es\/en\/cookies-policy\/#breadcrumb\"},\"inLanguage\":\"en-US\",\"potentialAction\":[{\"@type\":\"ReadAction\",\"target\":[\"https:\/\/allycomms.es\/en\/cookies-policy\/\"]}]},{\"@type\":\"BreadcrumbList\",\"@id\":\"https:\/\/allycomms.es\/en\/cookies-policy\/#breadcrumb\",\"itemListElement\":[{\"@type\":\"ListItem\",\"position\":1,\"name\":\"Portada\",\"item\":\"https:\/\/allycomms.es\/en\/home\/\"},{\"@type\":\"ListItem\",\"position\":2,\"name\":\"Cookies Policy\"}]},{\"@type\":\"WebSite\",\"@id\":\"https:\/\/allycomms.es\/en\/#website\",\"url\":\"https:\/\/allycomms.es\/en\/\",\"name\":\"ALLY Comms\",\"description\":\"Comunicaciones aliadas con las marcas, profesionales y medios de belleza y bienestar\",\"publisher\":{\"@id\":\"https:\/\/allycomms.es\/en\/#organization\"},\"potentialAction\":[{\"@type\":\"SearchAction\",\"target\":{\"@type\":\"EntryPoint\",\"urlTemplate\":\"https:\/\/allycomms.es\/en\/?s={search_term_string}\"},\"query-input\":\"required name=search_term_string\"}],\"inLanguage\":\"en-US\"},{\"@type\":\"Organization\",\"@id\":\"https:\/\/allycomms.es\/en\/#organization\",\"name\":\"ALLY Comms\",\"url\":\"https:\/\/allycomms.es\/en\/\",\"logo\":{\"@type\":\"ImageObject\",\"inLanguage\":\"en-US\",\"@id\":\"https:\/\/allycomms.es\/en\/#\/schema\/logo\/image\/\",\"url\":\"https:\/\/allycomms.es\/wp-content\/uploads\/2023\/02\/logo-ally-completo.svg\",\"contentUrl\":\"https:\/\/allycomms.es\/wp-content\/uploads\/2023\/02\/logo-ally-completo.svg\",\"width\":244,\"height\":90,\"caption\":\"ALLY Comms\"},\"image\":{\"@id\":\"https:\/\/allycomms.es\/en\/#\/schema\/logo\/image\/\"}}]}<\/script>\n<!-- \/ Yoast SEO plugin. -->","yoast_head_json":{"title":"Cookies Policy - ALLY Comms","robots":{"index":"index","follow":"follow","max-snippet":"max-snippet:-1","max-image-preview":"max-image-preview:large","max-video-preview":"max-video-preview:-1"},"canonical":"https:\/\/allycomms.es\/en\/cookies-policy\/","og_locale":"en_US","og_type":"article","og_title":"Cookies Policy - ALLY Comms","og_description":"Esta p\u00e1gina web usa cookies para personalizar el contenido y los anuncios, ofrecer funciones de redes sociales y analizar el tr\u00e1fico. Adem\u00e1s, compartimos informaci\u00f3n sobre el uso que haga del sitio web con nuestros partners de redes sociales, publicidad y an\u00e1lisis web, quienes pueden combinarla con otra informaci\u00f3n que les haya proporcionado o que hayan [&hellip;]","og_url":"https:\/\/allycomms.es\/en\/cookies-policy\/","og_site_name":"ALLY Comms","article_modified_time":"2023-04-26T14:20:34+00:00","twitter_card":"summary_large_image","twitter_misc":{"Est. reading time":"2 minutes"},"schema":{"@context":"https:\/\/schema.org","@graph":[{"@type":"WebPage","@id":"https:\/\/allycomms.es\/en\/cookies-policy\/","url":"https:\/\/allycomms.es\/en\/cookies-policy\/","name":"Cookies Policy - ALLY Comms","isPartOf":{"@id":"https:\/\/allycomms.es\/en\/#website"},"datePublished":"2023-03-16T11:23:26+00:00","dateModified":"2023-04-26T14:20:34+00:00","breadcrumb":{"@id":"https:\/\/allycomms.es\/en\/cookies-policy\/#breadcrumb"},"inLanguage":"en-US","potentialAction":[{"@type":"ReadAction","target":["https:\/\/allycomms.es\/en\/cookies-policy\/"]}]},{"@type":"BreadcrumbList","@id":"https:\/\/allycomms.es\/en\/cookies-policy\/#breadcrumb","itemListElement":[{"@type":"ListItem","position":1,"name":"Portada","item":"https:\/\/allycomms.es\/en\/home\/"},{"@type":"ListItem","position":2,"name":"Cookies Policy"}]},{"@type":"WebSite","@id":"https:\/\/allycomms.es\/en\/#website","url":"https:\/\/allycomms.es\/en\/","name":"ALLY Comms","description":"Comunicaciones aliadas con las marcas, profesionales y medios de belleza y bienestar","publisher":{"@id":"https:\/\/allycomms.es\/en\/#organization"},"potentialAction":[{"@type":"SearchAction","target":{"@type":"EntryPoint","urlTemplate":"https:\/\/allycomms.es\/en\/?s={search_term_string}"},"query-input":"required name=search_term_string"}],"inLanguage":"en-US"},{"@type":"Organization","@id":"https:\/\/allycomms.es\/en\/#organization","name":"ALLY Comms","url":"https:\/\/allycomms.es\/en\/","logo":{"@type":"ImageObject","inLanguage":"en-US","@id":"https:\/\/allycomms.es\/en\/#\/schema\/logo\/image\/","url":"https:\/\/allycomms.es\/wp-content\/uploads\/2023\/02\/logo-ally-completo.svg","contentUrl":"https:\/\/allycomms.es\/wp-content\/uploads\/2023\/02\/logo-ally-completo.svg","width":244,"height":90,"caption":"ALLY Comms"},"image":{"@id":"https:\/\/allycomms.es\/en\/#\/schema\/logo\/image\/"}}]}},"_links":{"self":[{"href":"https:\/\/allycomms.es\/en\/wp-json\/wp\/v2\/pages\/1211"}],"collection":[{"href":"https:\/\/allycomms.es\/en\/wp-json\/wp\/v2\/pages"}],"about":[{"href":"https:\/\/allycomms.es\/en\/wp-json\/wp\/v2\/types\/page"}],"author":[{"embeddable":true,"href":"https:\/\/allycomms.es\/en\/wp-json\/wp\/v2\/users\/3"}],"replies":[{"embeddable":true,"href":"https:\/\/allycomms.es\/en\/wp-json\/wp\/v2\/comments?post=1211"}],"version-history":[{"count":1,"href":"https:\/\/allycomms.es\/en\/wp-json\/wp\/v2\/pages\/1211\/revisions"}],"predecessor-version":[{"id":1212,"href":"https:\/\/allycomms.es\/en\/wp-json\/wp\/v2\/pages\/1211\/revisions\/1212"}],"wp:attachment":[{"href":"https:\/\/allycomms.es\/en\/wp-json\/wp\/v2\/media?parent=1211"}],"curies":[{"name":"wp","href":"https:\/\/api.w.org\/{rel}","templated":true}]}}